{"id":2024,"date":"2020-02-14T18:05:49","date_gmt":"2020-02-14T17:05:49","guid":{"rendered":"https:\/\/triviho.com\/new\/services\/"},"modified":"2025-11-24T09:50:06","modified_gmt":"2025-11-24T08:50:06","slug":"dienstleistungen-und-ausstattung","status":"publish","type":"page","link":"https:\/\/www.triviho.com\/de\/dienstleistungen-und-ausstattung\/","title":{"rendered":"Dienstleistungen und Ausstattung"},"content":{"rendered":"<p>[vc_row content_placement=&#8220;middle&#8220; fixed_width=&#8220;true&#8220;][vc_column width=&#8220;1\/3&#8243;]<div class=\"sohohotel-title3 sohohotel-title-color\"><h4>Allgemeine Dienstleistungen<\/h4><\/div>[vc_column_text]Unser Personal beh\u00e4lt sich die maximale Sorgfalt und Verf\u00fcgbarkeit f\u00fcr die G\u00e4ste vor.[\/vc_column_text][\/vc_column][vc_column width=&#8220;2\/3&#8243;][vc_column_text el_class=&#8220;tabellawhite&#8220;]<\/p>\n<table class=\"mobileno\">\n<tbody>\n<tr>\n<td data-title=\"Column 1\"><i class=\"fa fa-info-circle\"><\/i>Rezeption<\/td>\n<td data-title=\"Column 2\"><i class=\"fa fa-bell\"><\/i>Zimmerservice<\/td>\n<td data-title=\"Column 3\"><i class=\"fa fa-briefcase\"><\/i>Gep\u00e4cklagerung<\/td>\n<td data-title=\"Column 4\"><i class=\"fa fa-glass\"><\/i>Fr\u00fchst\u00fcckszimmer &amp; Bar<\/td>\n<\/tr>\n<\/tbody>\n<\/table>\n<table class=\"mobileonly\">\n<tbody>\n<tr>\n<td data-title=\"Column 1\"><i class=\"fa fa-info-circle\"><\/i>Rezeption<\/td>\n<td data-title=\"Column 2\"><i class=\"fa fa-bell\"><\/i>Zimmerservice<\/td>\n<\/tr>\n<tr>\n<td data-title=\"Column 1\"><i class=\"fa fa-briefcase\"><\/i>Gep\u00e4cklagerung<\/td>\n<td data-title=\"Column 2\"><i class=\"fa fa-glass\"><\/i>Fr\u00fchst\u00fcckszimmer &amp; Bar<\/td>\n<\/tr>\n<\/tbody>\n<\/table>\n<p>[\/vc_column_text][\/vc_column][\/vc_row][vc_row equal_height=&#8220;yes&#8220; content_placement=&#8220;middle&#8220; css=&#8220;.vc_custom_1583228816466{margin-top: 40px !important;margin-bottom: 40px !important;background-color: #323e49 !important;}&#8220;][vc_column width=&#8220;1\/3&#8243; el_class=&#8220;prima&#8220;]<div class=\"sohohotel-title3 sohohotel-title-color2\"><h4>Zimmerservice<\/h4><\/div>[vc_column_text]<span style=\"color: #fff;\">Unser Personal beh\u00e4lt sich die maximale Sorgfalt und Verf\u00fcgbarkeit f\u00fcr die G\u00e4ste vor.<\/span>[\/vc_column_text][\/vc_column][vc_column width=&#8220;2\/3&#8243; el_class=&#8220;tabelladark&#8220;][vc_column_text]<\/p>\n<table class=\"mobileno\">\n<tbody>\n<tr>\n<td data-title=\"Column 1\"><i class=\"fa fa-wifi\"><\/i>Hi speed wifi<\/td>\n<td data-title=\"Column 2\"><i class=\"fa fa-phone\"><\/i>Telefon<\/td>\n<td data-title=\"Column 3\"><i class=\"fa fa-bed\"><\/i>Kingsize-Bett<\/td>\n<td data-title=\"Column 4\"><i class=\"fa fa-coffee\"><\/i>Kaffeemaschine<\/td>\n<\/tr>\n<tr>\n<td data-title=\"Column 1\"><i class=\"fa fa-glass\"><\/i>Minibar<\/td>\n<td data-title=\"Column 2\"><i class=\"fa fa-key\"><\/i>Zimmersafe<\/td>\n<td data-title=\"Column 3\"><i class=\"fa fa-snowflake-o\"><\/i>Klimaanlage<\/td>\n<td data-title=\"Column 4\"><i class=\"fa fa-thermometer-full\"><\/i>Heizung<\/td>\n<\/tr>\n<tr>\n<td data-title=\"Column 1\"><i class=\"fa fa-fire\"><\/i>Brandmelder<\/td>\n<td data-title=\"Column 2\"><i class=\"fa fa-television\"><\/i>Sat TV<\/td>\n<td data-title=\"Column 3\"><i class=\"fa fa-child\"><\/i>Babybett (auf Anfrage)<\/td>\n<td data-title=\"Column 4\"><i class=\"fa fa-archive\"><\/i>Pflegeset<\/td>\n<\/tr>\n<tr>\n<td data-title=\"Column 2\"><i class=\"fa fa-plug\"><\/i>F\u00f6n<\/td>\n<td data-title=\"Column 2\"><i class=\"fa fa-beer\"><\/i>Kessel<\/td>\n<\/tr>\n<\/tbody>\n<\/table>\n<table class=\"mobileonly\">\n<tbody>\n<tr>\n<td data-title=\"Column 1\"><i class=\"fa fa-wifi\"><\/i>High speed wifi<\/td>\n<td data-title=\"Column 2\"><i class=\"fa fa-phone\"><\/i>Telefon<\/td>\n<\/tr>\n<tr>\n<td data-title=\"Column 3\"><i class=\"fa fa-bed\"><\/i>Kingsize-Bett<\/td>\n<td data-title=\"Column 4\"><i class=\"fa fa-coffee\"><\/i>Kaffeemaschine<\/td>\n<\/tr>\n<tr>\n<td data-title=\"Column 1\"><i class=\"fa fa-glass\"><\/i>Minibar<\/td>\n<td data-title=\"Column 2\"><i class=\"fa fa-key\"><\/i>Zimmersafe<\/td>\n<\/tr>\n<tr>\n<td data-title=\"Column 3\"><i class=\"fa fa-snowflake-o\"><\/i>Klimaanlage<\/td>\n<td data-title=\"Column 4\"><i class=\"fa fa-thermometer-full\"><\/i>Heizung<\/td>\n<\/tr>\n<tr>\n<td data-title=\"Column 1\"><i class=\"fa fa-fire\"><\/i>Brandmelder<\/td>\n<td data-title=\"Column 2\"><i class=\"fa fa-television\"><\/i>Sat TV<\/td>\n<\/tr>\n<tr>\n<td data-title=\"Column 3\"><i class=\"fa fa-child\"><\/i>Babybett (auf Anfrage)<\/td>\n<td data-title=\"Column 4\"><i class=\"fa fa-archive\"><\/i>Pflegeset<\/td>\n<\/tr>\n<tr>\n<td data-title=\"Column 2\"><i class=\"fa fa-plug\"><\/i>F\u00f6n<\/td>\n<td data-title=\"Column 2\"><i class=\"fa fa-beer\"><\/i>Kessel<\/td>\n<\/tr>\n<\/tbody>\n<\/table>\n<p>[\/vc_column_text][\/vc_column][\/vc_row][vc_row equal_height=&#8220;yes&#8220; fixed_width=&#8220;true&#8220;][vc_column width=&#8220;1\/3&#8243;]<div class=\"sohohotel-title3 sohohotel-title-color\"><h4>Dienstleistungen auf Anfrage<\/h4><\/div>[vc_column_text]Zus\u00e4tzliche Dienstleistungen auf Anfrage unserer Mitarbeiter[\/vc_column_text][\/vc_column][vc_column width=&#8220;2\/3&#8243; el_class=&#8220;tabellawhite&#8220;][vc_column_text]<\/p>\n<table class=\"mobileno\">\n<tbody>\n<tr>\n<td data-title=\"Column 1\"><i class=\"fa fa-plane\"><\/i>Flughafen\/Bahnh\u00f6fe Transfer<\/td>\n<td data-title=\"Column 2\"><i class=\"fa fa-university\"><\/i>Stadtrundfahrt (Qualifizierter touristisch-arch\u00e4ologischer F\u00fchrer)<\/td>\n<td data-title=\"Column 3\"><i class=\"fa fa-car\"><\/i>Privater Parkplatz<\/td>\n<\/tr>\n<tr>\n<td data-title=\"Column 1\"><i class=\"fa fa-taxi\"><\/i>Autovermietung<\/td>\n<td data-title=\"Column 2\"><i class=\"fa fa-cutlery\"><\/i>Lebensmittel-Lieferservice<\/td>\n<td data-title=\"Column 3\"><i class=\"fa fa-refresh\"><\/i>W\u00e4sche<\/td>\n<\/tr>\n<\/tbody>\n<\/table>\n<table class=\"mobileonly\">\n<tbody>\n<tr>\n<td data-title=\"Column 1\"><i class=\"fa fa-plane\"><\/i>Flughafen\/Bahnh\u00f6fe Transfer<\/td>\n<td data-title=\"Column 2\"><i class=\"fa fa-university\"><\/i>Stadtrundfahrt (Qualifizierter touristisch-arch\u00e4ologischer F\u00fchrer)<\/td>\n<\/tr>\n<tr>\n<td data-title=\"Column 1\"><i class=\"fa fa-car\"><\/i>Privater Parkplatz<\/td>\n<td data-title=\"Column 2\"><i class=\"fa fa-taxi\"><\/i>Autovermietung<\/td>\n<\/tr>\n<tr>\n<td data-title=\"Column 1\"><i class=\"fa fa-cutlery\"><\/i>Lebensmittel-Lieferservice<\/td>\n<td data-title=\"Column 2\"><i class=\"fa fa-refresh\"><\/i>W\u00e4sche<\/td>\n<\/tr>\n<\/tbody>\n<\/table>\n<p>[\/vc_column_text][vc_column_text]<\/p>\n<p>[\/vc_column_text][\/vc_column][\/vc_row]<\/p>\n","protected":false},"excerpt":{"rendered":"<p>[vc_row content_placement=&#8220;middle&#8220; fixed_width=&#8220;true&#8220;][vc_column width=&#8220;1\/3&#8243;][vc_column_text]Unser Personal beh\u00e4lt sich die maximale Sorgfalt und Verf\u00fcgbarkeit f\u00fcr die G\u00e4ste vor.[\/vc_column_text][\/vc_column][vc_column width=&#8220;2\/3&#8243;][vc_column_text el_class=&#8220;tabellawhite&#8220;] Rezeption Zimmerservice Gep\u00e4cklagerung Fr\u00fchst\u00fcckszimmer &amp; Bar Rezeption Zimmerservice Gep\u00e4cklagerung Fr\u00fchst\u00fcckszimmer &amp; Bar [\/vc_column_text][\/vc_column][\/vc_row][vc_row equal_height=&#8220;yes&#8220; content_placement=&#8220;middle&#8220; css=&#8220;.vc_custom_1583228816466{margin-top: 40px !important;margin-bottom: 40px !important;background-color: #323e49 !important;}&#8220;][vc_column width=&#8220;1\/3&#8243; el_class=&#8220;prima&#8220;][vc_column_text]Unser Personal beh\u00e4lt sich die maximale Sorgfalt und Verf\u00fcgbarkeit f\u00fcr die G\u00e4ste vor.[\/vc_column_text][\/vc_column][vc_column width=&#8220;2\/3&#8243;<\/p>\n<a href=\"https:\/\/www.triviho.com\/de\/dienstleistungen-und-ausstattung\/\" class=\"sohohotel-more-link\">Read More<i class=\"fa fa-angle-right\"><\/i><\/a>","protected":false},"author":1,"featured_media":1806,"parent":0,"menu_order":0,"comment_status":"closed","ping_status":"closed","template":"","meta":{"footnotes":""},"yoast_head":"<!-- This site is optimized with the Yoast SEO plugin v24.5 - https:\/\/yoast.com\/wordpress\/plugins\/seo\/ -->\n<title>Dienstleistungen und Ausstattung - TriviHo - Design Hotel Rome<\/title>\n<meta name=\"description\" content=\"Unser Personal beh\u00e4lt sich die gr\u00f6\u00dfte Sorgfalt und Verf\u00fcgbarkeit f\u00fcr unsere G\u00e4ste vor. Zahlreiche Zimmerservices und auf Anfrage zus\u00e4tzliche Services, die Sie von unseren Mitarbeitern anfordern k\u00f6nnen.\" \/>\n<meta name=\"robots\" content=\"index, follow, max-snippet:-1, max-image-preview:large, max-video-preview:-1\" \/>\n<link rel=\"canonical\" href=\"https:\/\/www.triviho.com\/de\/dienstleistungen-und-ausstattung\/\" \/>\n<meta property=\"og:locale\" content=\"de_DE\" \/>\n<meta property=\"og:type\" content=\"article\" \/>\n<meta property=\"og:title\" content=\"Dienstleistungen und Ausstattung - TriviHo - Design Hotel Rome\" \/>\n<meta property=\"og:description\" content=\"Unser Personal beh\u00e4lt sich die gr\u00f6\u00dfte Sorgfalt und Verf\u00fcgbarkeit f\u00fcr unsere G\u00e4ste vor. Zahlreiche Zimmerservices und auf Anfrage zus\u00e4tzliche Services, die Sie von unseren Mitarbeitern anfordern k\u00f6nnen.\" \/>\n<meta property=\"og:url\" content=\"https:\/\/www.triviho.com\/de\/dienstleistungen-und-ausstattung\/\" \/>\n<meta property=\"og:site_name\" content=\"TriviHo - Design Hotel Rome\" \/>\n<meta property=\"article:publisher\" content=\"https:\/\/www.facebook.com\/hoteltriviho\" \/>\n<meta property=\"article:modified_time\" content=\"2025-11-24T08:50:06+00:00\" \/>\n<meta property=\"og:image\" content=\"https:\/\/www.triviho.com\/wp-content\/uploads\/2020\/02\/bg-header-reception-3.png\" \/>\n\t<meta property=\"og:image:width\" content=\"1920\" \/>\n\t<meta property=\"og:image:height\" content=\"250\" \/>\n\t<meta property=\"og:image:type\" content=\"image\/png\" \/>\n<meta name=\"twitter:card\" content=\"summary_large_image\" \/>\n<meta name=\"twitter:label1\" content=\"Gesch\u00e4tzte Lesezeit\" \/>\n\t<meta name=\"twitter:data1\" content=\"1\u00a0Minute\" \/>\n<script type=\"application\/ld+json\" class=\"yoast-schema-graph\">{\"@context\":\"https:\/\/schema.org\",\"@graph\":[{\"@type\":\"WebPage\",\"@id\":\"https:\/\/www.triviho.com\/de\/dienstleistungen-und-ausstattung\/\",\"url\":\"https:\/\/www.triviho.com\/de\/dienstleistungen-und-ausstattung\/\",\"name\":\"Dienstleistungen und Ausstattung - TriviHo - Design Hotel Rome\",\"isPartOf\":{\"@id\":\"https:\/\/www.triviho.com\/#website\"},\"primaryImageOfPage\":{\"@id\":\"https:\/\/www.triviho.com\/de\/dienstleistungen-und-ausstattung\/#primaryimage\"},\"image\":{\"@id\":\"https:\/\/www.triviho.com\/de\/dienstleistungen-und-ausstattung\/#primaryimage\"},\"thumbnailUrl\":\"https:\/\/www.triviho.com\/wp-content\/uploads\/2020\/02\/bg-header-reception-3.png\",\"datePublished\":\"2020-02-14T17:05:49+00:00\",\"dateModified\":\"2025-11-24T08:50:06+00:00\",\"description\":\"Unser Personal beh\u00e4lt sich die gr\u00f6\u00dfte Sorgfalt und Verf\u00fcgbarkeit f\u00fcr unsere G\u00e4ste vor. Zahlreiche Zimmerservices und auf Anfrage zus\u00e4tzliche Services, die Sie von unseren Mitarbeitern anfordern k\u00f6nnen.\",\"breadcrumb\":{\"@id\":\"https:\/\/www.triviho.com\/de\/dienstleistungen-und-ausstattung\/#breadcrumb\"},\"inLanguage\":\"de\",\"potentialAction\":[{\"@type\":\"ReadAction\",\"target\":[\"https:\/\/www.triviho.com\/de\/dienstleistungen-und-ausstattung\/\"]}]},{\"@type\":\"ImageObject\",\"inLanguage\":\"de\",\"@id\":\"https:\/\/www.triviho.com\/de\/dienstleistungen-und-ausstattung\/#primaryimage\",\"url\":\"https:\/\/www.triviho.com\/wp-content\/uploads\/2020\/02\/bg-header-reception-3.png\",\"contentUrl\":\"https:\/\/www.triviho.com\/wp-content\/uploads\/2020\/02\/bg-header-reception-3.png\",\"width\":1920,\"height\":250},{\"@type\":\"BreadcrumbList\",\"@id\":\"https:\/\/www.triviho.com\/de\/dienstleistungen-und-ausstattung\/#breadcrumb\",\"itemListElement\":[{\"@type\":\"ListItem\",\"position\":1,\"name\":\"Home\",\"item\":\"https:\/\/www.triviho.com\/de\/\"},{\"@type\":\"ListItem\",\"position\":2,\"name\":\"Dienstleistungen und Ausstattung\"}]},{\"@type\":\"WebSite\",\"@id\":\"https:\/\/www.triviho.com\/#website\",\"url\":\"https:\/\/www.triviho.com\/\",\"name\":\"TriviHo - Design Hotel Rome\",\"description\":\"Rooms &amp; Suites in a luxury hotel in Rome city center\",\"potentialAction\":[{\"@type\":\"SearchAction\",\"target\":{\"@type\":\"EntryPoint\",\"urlTemplate\":\"https:\/\/www.triviho.com\/?s={search_term_string}\"},\"query-input\":{\"@type\":\"PropertyValueSpecification\",\"valueRequired\":true,\"valueName\":\"search_term_string\"}}],\"inLanguage\":\"de\"}]}<\/script>\n<!-- \/ Yoast SEO plugin. -->","yoast_head_json":{"title":"Dienstleistungen und Ausstattung - TriviHo - Design Hotel Rome","description":"Unser Personal beh\u00e4lt sich die gr\u00f6\u00dfte Sorgfalt und Verf\u00fcgbarkeit f\u00fcr unsere G\u00e4ste vor. Zahlreiche Zimmerservices und auf Anfrage zus\u00e4tzliche Services, die Sie von unseren Mitarbeitern anfordern k\u00f6nnen.","robots":{"index":"index","follow":"follow","max-snippet":"max-snippet:-1","max-image-preview":"max-image-preview:large","max-video-preview":"max-video-preview:-1"},"canonical":"https:\/\/www.triviho.com\/de\/dienstleistungen-und-ausstattung\/","og_locale":"de_DE","og_type":"article","og_title":"Dienstleistungen und Ausstattung - TriviHo - Design Hotel Rome","og_description":"Unser Personal beh\u00e4lt sich die gr\u00f6\u00dfte Sorgfalt und Verf\u00fcgbarkeit f\u00fcr unsere G\u00e4ste vor. Zahlreiche Zimmerservices und auf Anfrage zus\u00e4tzliche Services, die Sie von unseren Mitarbeitern anfordern k\u00f6nnen.","og_url":"https:\/\/www.triviho.com\/de\/dienstleistungen-und-ausstattung\/","og_site_name":"TriviHo - Design Hotel Rome","article_publisher":"https:\/\/www.facebook.com\/hoteltriviho","article_modified_time":"2025-11-24T08:50:06+00:00","og_image":[{"width":1920,"height":250,"url":"https:\/\/www.triviho.com\/wp-content\/uploads\/2020\/02\/bg-header-reception-3.png","type":"image\/png"}],"twitter_card":"summary_large_image","twitter_misc":{"Gesch\u00e4tzte Lesezeit":"1\u00a0Minute"},"schema":{"@context":"https:\/\/schema.org","@graph":[{"@type":"WebPage","@id":"https:\/\/www.triviho.com\/de\/dienstleistungen-und-ausstattung\/","url":"https:\/\/www.triviho.com\/de\/dienstleistungen-und-ausstattung\/","name":"Dienstleistungen und Ausstattung - TriviHo - Design Hotel Rome","isPartOf":{"@id":"https:\/\/www.triviho.com\/#website"},"primaryImageOfPage":{"@id":"https:\/\/www.triviho.com\/de\/dienstleistungen-und-ausstattung\/#primaryimage"},"image":{"@id":"https:\/\/www.triviho.com\/de\/dienstleistungen-und-ausstattung\/#primaryimage"},"thumbnailUrl":"https:\/\/www.triviho.com\/wp-content\/uploads\/2020\/02\/bg-header-reception-3.png","datePublished":"2020-02-14T17:05:49+00:00","dateModified":"2025-11-24T08:50:06+00:00","description":"Unser Personal beh\u00e4lt sich die gr\u00f6\u00dfte Sorgfalt und Verf\u00fcgbarkeit f\u00fcr unsere G\u00e4ste vor. Zahlreiche Zimmerservices und auf Anfrage zus\u00e4tzliche Services, die Sie von unseren Mitarbeitern anfordern k\u00f6nnen.","breadcrumb":{"@id":"https:\/\/www.triviho.com\/de\/dienstleistungen-und-ausstattung\/#breadcrumb"},"inLanguage":"de","potentialAction":[{"@type":"ReadAction","target":["https:\/\/www.triviho.com\/de\/dienstleistungen-und-ausstattung\/"]}]},{"@type":"ImageObject","inLanguage":"de","@id":"https:\/\/www.triviho.com\/de\/dienstleistungen-und-ausstattung\/#primaryimage","url":"https:\/\/www.triviho.com\/wp-content\/uploads\/2020\/02\/bg-header-reception-3.png","contentUrl":"https:\/\/www.triviho.com\/wp-content\/uploads\/2020\/02\/bg-header-reception-3.png","width":1920,"height":250},{"@type":"BreadcrumbList","@id":"https:\/\/www.triviho.com\/de\/dienstleistungen-und-ausstattung\/#breadcrumb","itemListElement":[{"@type":"ListItem","position":1,"name":"Home","item":"https:\/\/www.triviho.com\/de\/"},{"@type":"ListItem","position":2,"name":"Dienstleistungen und Ausstattung"}]},{"@type":"WebSite","@id":"https:\/\/www.triviho.com\/#website","url":"https:\/\/www.triviho.com\/","name":"TriviHo - Design Hotel Rome","description":"Rooms &amp; Suites in a luxury hotel in Rome city center","potentialAction":[{"@type":"SearchAction","target":{"@type":"EntryPoint","urlTemplate":"https:\/\/www.triviho.com\/?s={search_term_string}"},"query-input":{"@type":"PropertyValueSpecification","valueRequired":true,"valueName":"search_term_string"}}],"inLanguage":"de"}]}},"_links":{"self":[{"href":"https:\/\/www.triviho.com\/de\/wp-json\/wp\/v2\/pages\/2024"}],"collection":[{"href":"https:\/\/www.triviho.com\/de\/wp-json\/wp\/v2\/pages"}],"about":[{"href":"https:\/\/www.triviho.com\/de\/wp-json\/wp\/v2\/types\/page"}],"author":[{"embeddable":true,"href":"https:\/\/www.triviho.com\/de\/wp-json\/wp\/v2\/users\/1"}],"replies":[{"embeddable":true,"href":"https:\/\/www.triviho.com\/de\/wp-json\/wp\/v2\/comments?post=2024"}],"version-history":[{"count":6,"href":"https:\/\/www.triviho.com\/de\/wp-json\/wp\/v2\/pages\/2024\/revisions"}],"predecessor-version":[{"id":18683,"href":"https:\/\/www.triviho.com\/de\/wp-json\/wp\/v2\/pages\/2024\/revisions\/18683"}],"wp:featuredmedia":[{"embeddable":true,"href":"https:\/\/www.triviho.com\/de\/wp-json\/wp\/v2\/media\/1806"}],"wp:attachment":[{"href":"https:\/\/www.triviho.com\/de\/wp-json\/wp\/v2\/media?parent=2024"}],"curies":[{"name":"wp","href":"https:\/\/api.w.org\/{rel}","templated":true}]}}