{"id":1935,"date":"2019-09-16T17:54:18","date_gmt":"2019-09-16T15:54:18","guid":{"rendered":"https:\/\/triviho.com\/new\/around-triviho\/"},"modified":"2020-04-20T17:48:30","modified_gmt":"2020-04-20T15:48:30","slug":"dintorni-triviho","status":"publish","type":"page","link":"https:\/\/www.triviho.com\/it\/dintorni-triviho\/","title":{"rendered":"Dintorni TriviHo"},"content":{"rendered":"<p>[vc_row fixed_width=&#8221;true&#8221;][vc_column width=&#8221;1\/2&#8243;]<div class=\"sohohotel-title3 sohohotel-title-color\"><h4>Il nostro Hotel<\/h4><\/div>[vc_column_text]L&#8217;hotel \u00e8 all&#8217;interno dell&#8217;edificio razionalista progettato dall&#8217;architetto Marcello Piacentini, firma storica di grandi opere di grande interesse architettonico realizzate negli anni &#8217;30 in Italia.<\/p>\n<p>TriviHo si trova in una delle zone pi\u00f9 antiche e centrali della citt\u00e0, il quartiere Trevi, da cui prende il nome dall&#8217;incrocio a tre vie (dal latino &#8220;Trivium&#8221;) situato tra la Fontana di Trevi e la chiesa di S Maria in Trivio, a pochi passi da Piazza di Spagna e Trinit\u00e0 dei Monti.<\/p>\n<p>A piedi o utilizzando le vicine stazioni della metropolitana Barberini e Spagna, \u00e8 possibile visitare monumenti e godere facilmente delle numerose offerte culturali della citt\u00e0.<br \/>\nTriviHo offre ai suoi ospiti un&#8217;esperienza lontana dal solito hotel ma vicino alle principali attrazioni della citt\u00e0.[\/vc_column_text][vc_empty_space][\/vc_column][vc_column width=&#8221;1\/2&#8243;][vc_column_text]<em class=\"mobileonly\"><small>Clicca sull&#8217;immagine per vedere pi\u00f9 foto<small><\/small><\/small><\/em><\/p>\n\n\t\t<div id='gallery-1' class='gallery galleryid-1935 gallery-columns-2 gallery-size-full'><div class='gallery-item'><div class='gallery-icon'><a href=\"https:\/\/www.triviho.com\/wp-content\/uploads\/2020\/01\/trevi.png\" data-gal=\"prettyPhoto[gallery-1]\" title=\"trevi\"><img decoding=\"async\" src=\"https:\/\/www.triviho.com\/wp-content\/uploads\/2020\/01\/trevi.png\" alt=\"\" \/><\/a><\/div>\n\t\t\t\t<div class='wp-caption-text gallery-caption'>\n\t\t\t\tTrevi fountain\n\t\t\t\t<\/div><\/div><div class='gallery-item'><div class='gallery-icon'><a href=\"https:\/\/www.triviho.com\/wp-content\/uploads\/2019\/12\/triviho_barberini_roma_homepage.jpg\" data-gal=\"prettyPhoto[gallery-1]\" title=\"triviho_barberini_roma_homepage\"><img decoding=\"async\" src=\"https:\/\/www.triviho.com\/wp-content\/uploads\/2019\/12\/triviho_barberini_roma_homepage.jpg\" alt=\"\" \/><\/a><\/div>\n\t\t\t\t<div class='wp-caption-text gallery-caption'>\n\t\t\t\tBarberini Square\n\t\t\t\t<\/div><\/div><div class='gallery-item'><div class='gallery-icon'><a href=\"https:\/\/www.triviho.com\/wp-content\/uploads\/2019\/12\/colosseo.jpg\" data-gal=\"prettyPhoto[gallery-1]\" title=\"Colosseum Rome monochrome\"><img decoding=\"async\" src=\"https:\/\/www.triviho.com\/wp-content\/uploads\/2019\/12\/colosseo.jpg\" alt=\"\" \/><\/a><\/div>\n\t\t\t\t<div class='wp-caption-text gallery-caption'>\n\t\t\t\tColosseum is the symbolic architecture of Rome and Italy in monochrome\n\t\t\t\t<\/div><\/div><div class='gallery-item'><div class='gallery-icon'><a href=\"https:\/\/www.triviho.com\/wp-content\/uploads\/2020\/01\/piazza-spagna.png\" data-gal=\"prettyPhoto[gallery-1]\" title=\"piazza-spagna\"><img decoding=\"async\" src=\"https:\/\/www.triviho.com\/wp-content\/uploads\/2020\/01\/piazza-spagna.png\" alt=\"\" \/><\/a><\/div>\n\t\t\t\t<div class='wp-caption-text gallery-caption'>\n\t\t\t\tSpagna square\n\t\t\t\t<\/div><\/div>\n\t\t\t<br style='clear: both;' \/>\n\t\t<\/div>\n\n<p>[\/vc_column_text][vc_empty_space][\/vc_column][\/vc_row][vc_row css=&#8221;.vc_custom_1583145926587{background-color: #323e49 !important;}&#8221;][vc_column]<div class=\"sohohotel-title2 sohohotel-title-color2\"><h3>Verifica la disponibilit\u00e0<\/h3><\/div>[vc_column_text]<\/p>\n<div class=\"sohohotel-content-wrapper sohohotel-clearfix sohohotel-content-wrapper-full-width\">\n<div class=\"sohohotel-main-content sohohotel-main-content-full-width\"><!-- Widget Shortcode --><div id=\"inbewidget-4\" class=\"sidebar-booking-form widget InbeWidget widget-shortcode area-arbitrary \">\n        <div id=\"bookingexpert\">\n            <div id=\"searchbox\"><\/div>\n        <\/div>\n\n\n        <!-- scripts per il caricamento dei widget -->\n        <script src=\"https:\/\/be.bookingexpert.it\/book\/websites\/searchbox?hotel=43954&amp;lang=it\"><\/script>\n        <script>it.bookingexpert.SearchBox.load('searchbox', 'Default');<\/script><\/div><!-- \/Widget Shortcode --><\/div>\n<\/div>\n<p>[\/vc_column_text][\/vc_column][\/vc_row][vc_row fixed_width=&#8221;true&#8221; css=&#8221;.vc_custom_1581414216733{padding-top: 30px !important;}&#8221;][vc_column width=&#8221;1\/2&#8243;]<div class=\"sohohotel-title3 sohohotel-title-color\"><h4>Dove siamo<\/h4><\/div>\t\n\t\t\n\t\t\n\t<!-- BEGIN #google-map -->\n\t<div id=\"google-map-1\" style=\"width: 100%;height: 435px;\"><\/div>\n\n\t<script type=\"text\/javascript\">\n\n\t\tfunction initialize() {\n\n\t\t\t\/\/ Set Location\n\t\t\tvar myLatlng = new google.maps.LatLng(41.9045724,12.4898112);\n\n\t\t\t\/\/ Set Style\n\t\t\tvar styles = [\n\t\t\t    {\n\t\t\t      stylers: [\n\t\t\t        { hue: \"#b99470\" },\n\t\t\t        { saturation: -50 }\n\t\t\t      ]\n\t\t\t    },{\n\t\t\t      featureType: \"road\",\n\t\t\t      elementType: \"geometry\",\n\t\t\t      stylers: [\n\t\t\t        { lightness: 100 },\n\t\t\t        { visibility: \"simplified\" }\n\t\t\t      ]\n\t\t\t    },{\n\t\t\t      featureType: \"road\",\n\t\t\t      elementType: \"labels\",\n\t\t\t      stylers: [\n\t\t\t        { visibility: \"off\" }\n\t\t\t      ]\n\t\t\t    }\n\t\t\t  ];\n\n\t\t\t\/\/ Set Map Options\n\t\t\tvar mapOptions = {\n\t\t\t\tmapTypeControlOptions: {\n\t\t\t\t\tmapTypeIds: ['Styled']\n\t\t\t\t},\n\t\t\t\tcenter: myLatlng,\n\t\t\t\tzoom: 14,\n\t\t\t\tmapTypeId: 'Styled',\n\t\t\t\tscrollwheel: false,\n\t\t\t\tscaleControl: false,\n\t\t\t\tdisableDefaultUI: false\n\t\t\t};\n\n\t\t\t\/\/ Build Map\n\t\t\tvar map = new google.maps.Map(document.getElementById('google-map-1'), mapOptions);\n\t\t\tvar styledMapType = new google.maps.StyledMapType(styles, { name: 'Styled' });\n\t\t\tmap.mapTypes.set('Styled', styledMapType);\n\n\t\t\t\/\/ Set Map Marker\n\t\t\tvar contentString = 'TriviHo';\n\t\t\tvar infowindow = new google.maps.InfoWindow({\n\t\t\t\tcontent: contentString\n\t\t\t});\n\t\t\tvar marker = new google.maps.Marker({\n\t\t\t\tposition: myLatlng,\n\t\t\t\tmap: map,\n\t\t\t\ttitle: 'Map Marker 1',\n\t\t\t\ticon: {\n\t\t\t\t        path: fontawesome.markers.MAP_MARKER,\n\t\t\t\t        scale: 0.8,\n\t\t\t\t        strokeWeight: 0,\n\t\t\t\t        strokeColor: 'black',\n\t\t\t\t        strokeOpacity: 1,\n\t\t\t\t        fillColor: '#b99470',\n\t\t\t\t        fillOpacity: 1,\n\t\t\t\t    },\n\t\t\t});\n\n\t\t\t\/\/ Display Map Marker\n\t\t\tgoogle.maps.event.addListener(marker, 'click', function() {\n\t\t\t\tinfowindow.open(map,marker);\n\t\t\t});\n\n\t\t}\n\n\t\t\/\/ Display Map\n\t\tgoogle.maps.event.addDomListener(window, 'load', initialize);\n\n\t<\/script>\n\t\n\t\n\t[vc_empty_space height=&#8221;80px&#8221;][\/vc_column][vc_column width=&#8221;1\/2&#8243;]<div class=\"sohohotel-title3 sohohotel-title-color\"><h4>Video Tour<\/h4><\/div>[vc_tta_tabs][vc_tta_section title=&#8221;Fontana di Trevi&#8221; tab_id=&#8221;1537771879600-6d972c55-0c88&#8243;]<div class=\"sohohotel-video-thumbnail-wrapper\" style=\"background: url(https:\/\/www.triviho.com\/wp-content\/uploads\/2020\/01\/fontana-di-trevi-1.jpg);\">\n\t<div class=\"sohohotel-video-play\">\n\t<a href=\"https:\/\/www.youtube.com\/watch?v=U210dFCSpvg\" data-gal=\"prettyPhoto\"><i class=\"fa fa-play\"><\/i><\/a>\n\t<\/div>\n\t<\/div>[\/vc_tta_section][vc_tta_section title=&#8221;Pantheon&#8221; tab_id=&#8221;1537771879649-b69780bf-5b72&#8243;]<div class=\"sohohotel-video-thumbnail-wrapper\" style=\"background: url(https:\/\/www.triviho.com\/wp-content\/uploads\/2020\/01\/phanteon.jpg);\">\n\t<div class=\"sohohotel-video-play\">\n\t<a href=\"https:\/\/www.youtube.com\/watch?v=2fM-AiiDoVs\" data-gal=\"prettyPhoto\"><i class=\"fa fa-play\"><\/i><\/a>\n\t<\/div>\n\t<\/div>[\/vc_tta_section][vc_tta_section title=&#8221;Piazza di Spagna&#8221; tab_id=&#8221;1537771882104-b19ba0b8-3eac&#8221;]<div class=\"sohohotel-video-thumbnail-wrapper\" style=\"background: url(https:\/\/www.triviho.com\/wp-content\/uploads\/2020\/01\/piazza-di-spagna.jpg);\">\n\t<div class=\"sohohotel-video-play\">\n\t<a href=\"https:\/\/www.youtube.com\/watch?v=A14jTAh21EU\" data-gal=\"prettyPhoto\"><i class=\"fa fa-play\"><\/i><\/a>\n\t<\/div>\n\t<\/div>[\/vc_tta_section][\/vc_tta_tabs][vc_empty_space height=&#8221;60px&#8221;][\/vc_column][\/vc_row]<\/p>\n","protected":false},"excerpt":{"rendered":"<p>[vc_row fixed_width=&#8221;true&#8221;][vc_column width=&#8221;1\/2&#8243;][vc_column_text]L&#8217;hotel \u00e8 all&#8217;interno dell&#8217;edificio razionalista progettato dall&#8217;architetto Marcello Piacentini, firma storica di grandi opere di grande interesse architettonico realizzate negli anni &#8217;30 in Italia. TriviHo si trova in una delle zone pi\u00f9 antiche e centrali della citt\u00e0, il quartiere Trevi, da cui prende il nome dall&#8217;incrocio a tre vie (dal latino &#8220;Trivium&#8221;) situato<\/p>\n<a href=\"https:\/\/www.triviho.com\/it\/dintorni-triviho\/\" class=\"sohohotel-more-link\">Read More<i class=\"fa fa-angle-right\"><\/i><\/a>","protected":false},"author":1,"featured_media":1781,"parent":0,"menu_order":0,"comment_status":"closed","ping_status":"closed","template":"","meta":{"footnotes":""},"yoast_head":"<!-- This site is optimized with the Yoast SEO plugin v24.5 - https:\/\/yoast.com\/wordpress\/plugins\/seo\/ -->\n<title>Dintorni TriviHo - TriviHo - Design Hotel Rome<\/title>\n<meta name=\"description\" content=\"TriviHo si trova in una delle zone pi\u00f9 antiche e centrali della citt\u00e0. Tra la Fontana di Trevi e le altre meraviglie di Roma, a pochi passi da Piazza di Spagna e Trinit\u00e0 dei Monti.\" \/>\n<meta name=\"robots\" content=\"index, follow, max-snippet:-1, max-image-preview:large, max-video-preview:-1\" \/>\n<link rel=\"canonical\" href=\"https:\/\/www.triviho.com\/it\/dintorni-triviho\/\" \/>\n<meta property=\"og:locale\" content=\"it_IT\" \/>\n<meta property=\"og:type\" content=\"article\" \/>\n<meta property=\"og:title\" content=\"Dintorni TriviHo - TriviHo - Design Hotel Rome\" \/>\n<meta property=\"og:description\" content=\"TriviHo si trova in una delle zone pi\u00f9 antiche e centrali della citt\u00e0. Tra la Fontana di Trevi e le altre meraviglie di Roma, a pochi passi da Piazza di Spagna e Trinit\u00e0 dei Monti.\" \/>\n<meta property=\"og:url\" content=\"https:\/\/www.triviho.com\/it\/dintorni-triviho\/\" \/>\n<meta property=\"og:site_name\" content=\"TriviHo - Design Hotel Rome\" \/>\n<meta property=\"article:publisher\" content=\"https:\/\/www.facebook.com\/hoteltriviho\" \/>\n<meta property=\"article:modified_time\" content=\"2020-04-20T15:48:30+00:00\" \/>\n<meta property=\"og:image\" content=\"https:\/\/www.triviho.com\/wp-content\/uploads\/2020\/02\/bg-header-reception.png\" \/>\n\t<meta property=\"og:image:width\" content=\"1920\" \/>\n\t<meta property=\"og:image:height\" content=\"250\" \/>\n\t<meta property=\"og:image:type\" content=\"image\/png\" \/>\n<meta name=\"twitter:card\" content=\"summary_large_image\" \/>\n<meta name=\"twitter:label1\" content=\"Tempo di lettura stimato\" \/>\n\t<meta name=\"twitter:data1\" content=\"2 minuti\" \/>\n<script type=\"application\/ld+json\" class=\"yoast-schema-graph\">{\"@context\":\"https:\/\/schema.org\",\"@graph\":[{\"@type\":\"WebPage\",\"@id\":\"https:\/\/www.triviho.com\/it\/dintorni-triviho\/\",\"url\":\"https:\/\/www.triviho.com\/it\/dintorni-triviho\/\",\"name\":\"Dintorni TriviHo - TriviHo - Design Hotel Rome\",\"isPartOf\":{\"@id\":\"https:\/\/www.triviho.com\/#website\"},\"primaryImageOfPage\":{\"@id\":\"https:\/\/www.triviho.com\/it\/dintorni-triviho\/#primaryimage\"},\"image\":{\"@id\":\"https:\/\/www.triviho.com\/it\/dintorni-triviho\/#primaryimage\"},\"thumbnailUrl\":\"https:\/\/www.triviho.com\/wp-content\/uploads\/2020\/02\/bg-header-reception.png\",\"datePublished\":\"2019-09-16T15:54:18+00:00\",\"dateModified\":\"2020-04-20T15:48:30+00:00\",\"description\":\"TriviHo si trova in una delle zone pi\u00f9 antiche e centrali della citt\u00e0. Tra la Fontana di Trevi e le altre meraviglie di Roma, a pochi passi da Piazza di Spagna e Trinit\u00e0 dei Monti.\",\"breadcrumb\":{\"@id\":\"https:\/\/www.triviho.com\/it\/dintorni-triviho\/#breadcrumb\"},\"inLanguage\":\"it-IT\",\"potentialAction\":[{\"@type\":\"ReadAction\",\"target\":[\"https:\/\/www.triviho.com\/it\/dintorni-triviho\/\"]}]},{\"@type\":\"ImageObject\",\"inLanguage\":\"it-IT\",\"@id\":\"https:\/\/www.triviho.com\/it\/dintorni-triviho\/#primaryimage\",\"url\":\"https:\/\/www.triviho.com\/wp-content\/uploads\/2020\/02\/bg-header-reception.png\",\"contentUrl\":\"https:\/\/www.triviho.com\/wp-content\/uploads\/2020\/02\/bg-header-reception.png\",\"width\":1920,\"height\":250},{\"@type\":\"BreadcrumbList\",\"@id\":\"https:\/\/www.triviho.com\/it\/dintorni-triviho\/#breadcrumb\",\"itemListElement\":[{\"@type\":\"ListItem\",\"position\":1,\"name\":\"Home\",\"item\":\"https:\/\/www.triviho.com\/it\/\"},{\"@type\":\"ListItem\",\"position\":2,\"name\":\"Dintorni TriviHo\"}]},{\"@type\":\"WebSite\",\"@id\":\"https:\/\/www.triviho.com\/#website\",\"url\":\"https:\/\/www.triviho.com\/\",\"name\":\"TriviHo - Design Hotel Rome\",\"description\":\"Rooms &amp; Suites in a luxury hotel in Rome city center\",\"potentialAction\":[{\"@type\":\"SearchAction\",\"target\":{\"@type\":\"EntryPoint\",\"urlTemplate\":\"https:\/\/www.triviho.com\/?s={search_term_string}\"},\"query-input\":{\"@type\":\"PropertyValueSpecification\",\"valueRequired\":true,\"valueName\":\"search_term_string\"}}],\"inLanguage\":\"it-IT\"}]}<\/script>\n<!-- \/ Yoast SEO plugin. -->","yoast_head_json":{"title":"Dintorni TriviHo - TriviHo - Design Hotel Rome","description":"TriviHo si trova in una delle zone pi\u00f9 antiche e centrali della citt\u00e0. Tra la Fontana di Trevi e le altre meraviglie di Roma, a pochi passi da Piazza di Spagna e Trinit\u00e0 dei Monti.","robots":{"index":"index","follow":"follow","max-snippet":"max-snippet:-1","max-image-preview":"max-image-preview:large","max-video-preview":"max-video-preview:-1"},"canonical":"https:\/\/www.triviho.com\/it\/dintorni-triviho\/","og_locale":"it_IT","og_type":"article","og_title":"Dintorni TriviHo - TriviHo - Design Hotel Rome","og_description":"TriviHo si trova in una delle zone pi\u00f9 antiche e centrali della citt\u00e0. Tra la Fontana di Trevi e le altre meraviglie di Roma, a pochi passi da Piazza di Spagna e Trinit\u00e0 dei Monti.","og_url":"https:\/\/www.triviho.com\/it\/dintorni-triviho\/","og_site_name":"TriviHo - Design Hotel Rome","article_publisher":"https:\/\/www.facebook.com\/hoteltriviho","article_modified_time":"2020-04-20T15:48:30+00:00","og_image":[{"width":1920,"height":250,"url":"https:\/\/www.triviho.com\/wp-content\/uploads\/2020\/02\/bg-header-reception.png","type":"image\/png"}],"twitter_card":"summary_large_image","twitter_misc":{"Tempo di lettura stimato":"2 minuti"},"schema":{"@context":"https:\/\/schema.org","@graph":[{"@type":"WebPage","@id":"https:\/\/www.triviho.com\/it\/dintorni-triviho\/","url":"https:\/\/www.triviho.com\/it\/dintorni-triviho\/","name":"Dintorni TriviHo - TriviHo - Design Hotel Rome","isPartOf":{"@id":"https:\/\/www.triviho.com\/#website"},"primaryImageOfPage":{"@id":"https:\/\/www.triviho.com\/it\/dintorni-triviho\/#primaryimage"},"image":{"@id":"https:\/\/www.triviho.com\/it\/dintorni-triviho\/#primaryimage"},"thumbnailUrl":"https:\/\/www.triviho.com\/wp-content\/uploads\/2020\/02\/bg-header-reception.png","datePublished":"2019-09-16T15:54:18+00:00","dateModified":"2020-04-20T15:48:30+00:00","description":"TriviHo si trova in una delle zone pi\u00f9 antiche e centrali della citt\u00e0. Tra la Fontana di Trevi e le altre meraviglie di Roma, a pochi passi da Piazza di Spagna e Trinit\u00e0 dei Monti.","breadcrumb":{"@id":"https:\/\/www.triviho.com\/it\/dintorni-triviho\/#breadcrumb"},"inLanguage":"it-IT","potentialAction":[{"@type":"ReadAction","target":["https:\/\/www.triviho.com\/it\/dintorni-triviho\/"]}]},{"@type":"ImageObject","inLanguage":"it-IT","@id":"https:\/\/www.triviho.com\/it\/dintorni-triviho\/#primaryimage","url":"https:\/\/www.triviho.com\/wp-content\/uploads\/2020\/02\/bg-header-reception.png","contentUrl":"https:\/\/www.triviho.com\/wp-content\/uploads\/2020\/02\/bg-header-reception.png","width":1920,"height":250},{"@type":"BreadcrumbList","@id":"https:\/\/www.triviho.com\/it\/dintorni-triviho\/#breadcrumb","itemListElement":[{"@type":"ListItem","position":1,"name":"Home","item":"https:\/\/www.triviho.com\/it\/"},{"@type":"ListItem","position":2,"name":"Dintorni TriviHo"}]},{"@type":"WebSite","@id":"https:\/\/www.triviho.com\/#website","url":"https:\/\/www.triviho.com\/","name":"TriviHo - Design Hotel Rome","description":"Rooms &amp; Suites in a luxury hotel in Rome city center","potentialAction":[{"@type":"SearchAction","target":{"@type":"EntryPoint","urlTemplate":"https:\/\/www.triviho.com\/?s={search_term_string}"},"query-input":{"@type":"PropertyValueSpecification","valueRequired":true,"valueName":"search_term_string"}}],"inLanguage":"it-IT"}]}},"_links":{"self":[{"href":"https:\/\/www.triviho.com\/it\/wp-json\/wp\/v2\/pages\/1935"}],"collection":[{"href":"https:\/\/www.triviho.com\/it\/wp-json\/wp\/v2\/pages"}],"about":[{"href":"https:\/\/www.triviho.com\/it\/wp-json\/wp\/v2\/types\/page"}],"author":[{"embeddable":true,"href":"https:\/\/www.triviho.com\/it\/wp-json\/wp\/v2\/users\/1"}],"replies":[{"embeddable":true,"href":"https:\/\/www.triviho.com\/it\/wp-json\/wp\/v2\/comments?post=1935"}],"version-history":[{"count":9,"href":"https:\/\/www.triviho.com\/it\/wp-json\/wp\/v2\/pages\/1935\/revisions"}],"predecessor-version":[{"id":2264,"href":"https:\/\/www.triviho.com\/it\/wp-json\/wp\/v2\/pages\/1935\/revisions\/2264"}],"wp:featuredmedia":[{"embeddable":true,"href":"https:\/\/www.triviho.com\/it\/wp-json\/wp\/v2\/media\/1781"}],"wp:attachment":[{"href":"https:\/\/www.triviho.com\/it\/wp-json\/wp\/v2\/media?parent=1935"}],"curies":[{"name":"wp","href":"https:\/\/api.w.org\/{rel}","templated":true}]}}