{"id":2465,"date":"2020-08-25T10:42:59","date_gmt":"2020-08-25T08:42:59","guid":{"rendered":"https:\/\/www.triviho.com\/?page_id=2465"},"modified":"2021-12-13T11:50:49","modified_gmt":"2021-12-13T10:50:49","slug":"triviho-events","status":"publish","type":"page","link":"https:\/\/www.triviho.com\/it\/triviho-events\/","title":{"rendered":"Triviho Events"},"content":{"rendered":"<p>[vc_row parallax=&#8221;content-moving-fade&#8221;][vc_column]<div class=\"sohohotel-title3 sohohotel-title-color\"><h4>Triviho Events \u00e8 lo spazio ideale per un temporary shop, svolgere una mostra, presentare un prodotto<\/h4><\/div>[vc_column_text]Triviho Events \u00e8 un una nuova location dalle linee contemporanee, situata in uno dei contesti pi\u00f9 prestigiosi e storici della citt\u00e0 di Roma, in Via Barberini n.62. Di propriet\u00e0 dell\u2019<a href=\"https:\/\/www.triviho.com\/it\/\">Hotel Triviho<\/a>, che si trova a pochi passi, \u00e8 uno spazio versatile ideale per realizzare vari tipi di eventi o attivit\u00e0.<\/p>\n<p>Lo spazio si sviluppa in 450 metri quadri tra un piano terra con un\u2019altezza di metri 4,60 e uno spazioso piano superiore di metri 2,10 di altezza. Per fare questo per\u00f2 devi prima conoscere lo spazio, magari attraverso una site inspection.<\/p>\n<p>Prova a verificare se le dimensioni della struttura o lo stile della location possano essere di tuo gradimento. <a href=\"https:\/\/www.triviho.com\/wp-content\/uploads\/2020\/08\/Planimetria-Via-Barberini-60.pdf\" target=\"_blank\" rel=\"noopener noreferrer\">Visualizza la planimetria<\/a>.[\/vc_column_text][vc_empty_space height=&#8221;15px&#8221;]<div class=\"sohohotel-title3 sohohotel-title-color\"><h4>Lo spazio<\/h4><\/div>[vc_column_text]<em class=\"mobileonly\"><small>Click on image to see more photos<\/small><\/em><\/p>\n\n\t\t<div id='gallery-1' class='gallery galleryid-2465 gallery-columns-4 gallery-size-thumbnail'><div class='gallery-item'><div class='gallery-icon'><a href=\"https:\/\/www.triviho.com\/wp-content\/uploads\/2020\/08\/LUX_5147.jpg\" data-gal=\"prettyPhoto[gallery-1]\" title=\"LUX_5147\"><img decoding=\"async\" src=\"https:\/\/www.triviho.com\/wp-content\/uploads\/2020\/08\/LUX_5147.jpg\" alt=\"\" \/><\/a><\/div><\/div><div class='gallery-item'><div class='gallery-icon'><a href=\"https:\/\/www.triviho.com\/wp-content\/uploads\/2020\/08\/LUX_5149.jpg\" data-gal=\"prettyPhoto[gallery-1]\" title=\"LUX_5149\"><img decoding=\"async\" src=\"https:\/\/www.triviho.com\/wp-content\/uploads\/2020\/08\/LUX_5149.jpg\" alt=\"\" \/><\/a><\/div><\/div><div class='gallery-item'><div class='gallery-icon'><a href=\"https:\/\/www.triviho.com\/wp-content\/uploads\/2020\/08\/LUX_5151.jpg\" data-gal=\"prettyPhoto[gallery-1]\" title=\"LUX_5151\"><img decoding=\"async\" src=\"https:\/\/www.triviho.com\/wp-content\/uploads\/2020\/08\/LUX_5151.jpg\" alt=\"\" \/><\/a><\/div><\/div><div class='gallery-item'><div class='gallery-icon'><a href=\"https:\/\/www.triviho.com\/wp-content\/uploads\/2020\/08\/LUX_5152.jpg\" data-gal=\"prettyPhoto[gallery-1]\" title=\"LUX_5152\"><img decoding=\"async\" src=\"https:\/\/www.triviho.com\/wp-content\/uploads\/2020\/08\/LUX_5152.jpg\" alt=\"\" \/><\/a><\/div><\/div><div class='gallery-item'><div class='gallery-icon'><a href=\"https:\/\/www.triviho.com\/wp-content\/uploads\/2020\/08\/LUX_5183.jpg\" data-gal=\"prettyPhoto[gallery-1]\" title=\"LUX_5183\"><img decoding=\"async\" src=\"https:\/\/www.triviho.com\/wp-content\/uploads\/2020\/08\/LUX_5183.jpg\" alt=\"\" \/><\/a><\/div><\/div><div class='gallery-item'><div class='gallery-icon'><a href=\"https:\/\/www.triviho.com\/wp-content\/uploads\/2020\/08\/LUX_5198.jpg\" data-gal=\"prettyPhoto[gallery-1]\" title=\"LUX_5198\"><img decoding=\"async\" src=\"https:\/\/www.triviho.com\/wp-content\/uploads\/2020\/08\/LUX_5198.jpg\" alt=\"\" \/><\/a><\/div><\/div><div class='gallery-item'><div class='gallery-icon'><a href=\"https:\/\/www.triviho.com\/wp-content\/uploads\/2020\/08\/LUX_5211.jpg\" data-gal=\"prettyPhoto[gallery-1]\" title=\"LUX_5211\"><img decoding=\"async\" src=\"https:\/\/www.triviho.com\/wp-content\/uploads\/2020\/08\/LUX_5211.jpg\" alt=\"\" \/><\/a><\/div><\/div><div class='gallery-item'><div class='gallery-icon'><a href=\"https:\/\/www.triviho.com\/wp-content\/uploads\/2020\/08\/LUX_5219.jpg\" data-gal=\"prettyPhoto[gallery-1]\" title=\"LUX_5219\"><img decoding=\"async\" src=\"https:\/\/www.triviho.com\/wp-content\/uploads\/2020\/08\/LUX_5219.jpg\" alt=\"\" \/><\/a><\/div><\/div><div class='gallery-item'><div class='gallery-icon'><a href=\"https:\/\/www.triviho.com\/wp-content\/uploads\/2020\/08\/LUX_5290.jpg\" data-gal=\"prettyPhoto[gallery-1]\" title=\"LUX_5290\"><img decoding=\"async\" src=\"https:\/\/www.triviho.com\/wp-content\/uploads\/2020\/08\/LUX_5290.jpg\" alt=\"\" \/><\/a><\/div><\/div><div class='gallery-item'><div class='gallery-icon'><a href=\"https:\/\/www.triviho.com\/wp-content\/uploads\/2020\/08\/LUX_5318.jpg\" data-gal=\"prettyPhoto[gallery-1]\" title=\"LUX_5318\"><img decoding=\"async\" src=\"https:\/\/www.triviho.com\/wp-content\/uploads\/2020\/08\/LUX_5318.jpg\" alt=\"\" \/><\/a><\/div><\/div><div class='gallery-item'><div class='gallery-icon'><a href=\"https:\/\/www.triviho.com\/wp-content\/uploads\/2020\/08\/LUX_5340.jpg\" data-gal=\"prettyPhoto[gallery-1]\" title=\"LUX_5340\"><img decoding=\"async\" src=\"https:\/\/www.triviho.com\/wp-content\/uploads\/2020\/08\/LUX_5340.jpg\" alt=\"\" \/><\/a><\/div><\/div><div class='gallery-item'><div class='gallery-icon'><a href=\"https:\/\/www.triviho.com\/wp-content\/uploads\/2020\/08\/LUX_5348.jpg\" data-gal=\"prettyPhoto[gallery-1]\" title=\"LUX_5348\"><img decoding=\"async\" src=\"https:\/\/www.triviho.com\/wp-content\/uploads\/2020\/08\/LUX_5348.jpg\" alt=\"\" \/><\/a><\/div><\/div><div class='gallery-item'><div class='gallery-icon'><a href=\"https:\/\/www.triviho.com\/wp-content\/uploads\/2020\/08\/LUX_5349.jpg\" data-gal=\"prettyPhoto[gallery-1]\" title=\"LUX_5349\"><img decoding=\"async\" src=\"https:\/\/www.triviho.com\/wp-content\/uploads\/2020\/08\/LUX_5349.jpg\" alt=\"\" \/><\/a><\/div><\/div><div class='gallery-item'><div class='gallery-icon'><a href=\"https:\/\/www.triviho.com\/wp-content\/uploads\/2020\/08\/LUX_5360.jpg\" data-gal=\"prettyPhoto[gallery-1]\" title=\"LUX_5360\"><img decoding=\"async\" src=\"https:\/\/www.triviho.com\/wp-content\/uploads\/2020\/08\/LUX_5360.jpg\" alt=\"\" \/><\/a><\/div><\/div><div class='gallery-item'><div class='gallery-icon'><a href=\"https:\/\/www.triviho.com\/wp-content\/uploads\/2020\/08\/LUX_5365.jpg\" data-gal=\"prettyPhoto[gallery-1]\" title=\"LUX_5365\"><img decoding=\"async\" src=\"https:\/\/www.triviho.com\/wp-content\/uploads\/2020\/08\/LUX_5365.jpg\" alt=\"\" \/><\/a><\/div><\/div><div class='gallery-item'><div class='gallery-icon'><a href=\"https:\/\/www.triviho.com\/wp-content\/uploads\/2020\/08\/LUX_5392.jpg\" data-gal=\"prettyPhoto[gallery-1]\" title=\"LUX_5392\"><img decoding=\"async\" src=\"https:\/\/www.triviho.com\/wp-content\/uploads\/2020\/08\/LUX_5392.jpg\" alt=\"\" \/><\/a><\/div><\/div>\n\t\t\t<br style='clear: both;' \/>\n\t\t<\/div>\n\n<p>[\/vc_column_text][vc_tta_tabs active_section=&#8221;1&#8243;][vc_tta_section title=&#8221;Destinazioni d\u2019uso&#8221; tab_id=&#8221;1598349711650-be86de16-e1c7&#8243;][vc_column_text]<\/p>\n<table class=\"mobileno\">\n<tbody>\n<tr>\n<td data-title=\"Column 1\">\n<ul>\n<li>Presentazione prodotti<\/li>\n<\/ul>\n<\/td>\n<td data-title=\"Column 1\">\n<ul>\n<li>Showroom<\/li>\n<\/ul>\n<\/td>\n<td data-title=\"Column 1\">\n<ul>\n<li>Eventi privati<\/li>\n<\/ul>\n<\/td>\n<\/tr>\n<tr>\n<td data-title=\"Column 3\">\n<ul>\n<li>Eventi aziendali<\/li>\n<\/ul>\n<\/td>\n<td data-title=\"Column 3\">\n<ul>\n<li>Eventi corporate<\/li>\n<\/ul>\n<\/td>\n<td data-title=\"Column 3\">\n<ul>\n<li>Cene di gala<\/li>\n<\/ul>\n<\/td>\n<\/tr>\n<tr>\n<td data-title=\"Column 4\">\n<ul>\n<li>Feste private<\/li>\n<\/ul>\n<\/td>\n<td data-title=\"Column 4\">\n<ul>\n<li>Mostre<\/li>\n<\/ul>\n<\/td>\n<td data-title=\"Column 4\">\n<ul>\n<li>Esposizioni<\/li>\n<\/ul>\n<\/td>\n<\/tr>\n<tr>\n<td data-title=\"Column 2\">\n<ul>\n<li>Shooting fotografici<\/li>\n<\/ul>\n<\/td>\n<td data-title=\"Column 2\">\n<ul>\n<li>Temporary store<\/li>\n<\/ul>\n<\/td>\n<td data-title=\"Column 2\">\n<ul>\n<li>Shooting cinematografici<\/li>\n<\/ul>\n<\/td>\n<\/tr>\n<\/tbody>\n<\/table>\n<table class=\"mobileonly\">\n<tbody>\n<tr>\n<td data-title=\"Column 1\">\n<ul>\n<li>Presentazione prodotti<\/li>\n<\/ul>\n<\/td>\n<td data-title=\"Column 1\">\n<ul>\n<li>Showroom<\/li>\n<\/ul>\n<\/td>\n<td data-title=\"Column 1\">\n<ul>\n<li>Eventi privati<\/li>\n<\/ul>\n<\/td>\n<\/tr>\n<tr>\n<td data-title=\"Column 3\">\n<ul>\n<li>Eventi aziendali<\/li>\n<\/ul>\n<\/td>\n<td data-title=\"Column 3\">\n<ul>\n<li>Eventi corporate<\/li>\n<\/ul>\n<\/td>\n<td data-title=\"Column 3\">\n<ul>\n<li>Cene di gala<\/li>\n<\/ul>\n<\/td>\n<\/tr>\n<tr>\n<td data-title=\"Column 4\">\n<ul>\n<li>Feste private<\/li>\n<\/ul>\n<\/td>\n<td data-title=\"Column 4\">\n<ul>\n<li>Mostre<\/li>\n<\/ul>\n<\/td>\n<td data-title=\"Column 4\">\n<ul>\n<li>Esposizioni<\/li>\n<\/ul>\n<\/td>\n<\/tr>\n<tr>\n<td data-title=\"Column 2\">\n<ul>\n<li>Shooting fotografici<\/li>\n<\/ul>\n<\/td>\n<td data-title=\"Column 2\">\n<ul>\n<li>Temporary store<\/li>\n<\/ul>\n<\/td>\n<td data-title=\"Column 2\">\n<ul>\n<li>Shooting cinematografici<\/li>\n<\/ul>\n<\/td>\n<\/tr>\n<\/tbody>\n<\/table>\n<p>[\/vc_column_text][\/vc_tta_section][\/vc_tta_tabs][vc_empty_space height=&#8221;15px&#8221;][\/vc_column][\/vc_row][vc_row][vc_column][vc_toggle title=&#8221;SERVIZI&#8221;]Un collaudato rapporto professionale ed una continua collaborazione con fornitori, leader nei vari settori di competenza, ci rendono in grado di offrivi consulenza di altissima qualit\u00e0 per tutte le attivit\u00e0 collaterali, come service audio video luci, catering, allestimenti e scenografie, staff, ufficio stampa, PR e comunicazione, immagine coordinata.[\/vc_toggle][vc_toggle title=&#8221;DOTAZIONI&#8221;]Area tecnica \u2013 perimetrale a scomparsa<\/p>\n<p>Area carico\/scarico fronte strada<\/p>\n<p>Consumo energetico, impianto di riscaldamento e condizionamento<br \/>\nParcheggio a\u00a0 pagamento in Salita di San Nicola da Tolentino[\/vc_toggle][vc_toggle title=&#8221;EVENT MANAGEMENT&#8221;]Su richiesta, Triviho Events accoglie anche le vostre idee e le trasforma in progetti concreti.<br \/>\nLo staff \u00e8 in grado di supportarvi in tutta l\u2019evoluzione del vostro evento\/progetto. Dallo studio di fattibilit\u00e0, all\u2019ideazione creativa.[\/vc_toggle][vc_empty_space height=&#8221;60px&#8221;][\/vc_column][\/vc_row][vc_row][vc_column][vc_column_text]<em class=\"mobileonly\"><small>Click on image to see more photos<\/small><\/em><\/p>\n\n\t\t<div id='gallery-2' class='gallery galleryid-2465 gallery-columns-4 gallery-size-thumbnail'><div class='gallery-item'><div class='gallery-icon'><a href=\"https:\/\/www.triviho.com\/wp-content\/uploads\/2020\/08\/LUX_5140.jpg\" data-gal=\"prettyPhoto[gallery-2]\" title=\"LUX_5140\"><img decoding=\"async\" src=\"https:\/\/www.triviho.com\/wp-content\/uploads\/2020\/08\/LUX_5140.jpg\" alt=\"\" \/><\/a><\/div><\/div><div class='gallery-item'><div class='gallery-icon'><a href=\"https:\/\/www.triviho.com\/wp-content\/uploads\/2020\/08\/LUX_5141.jpg\" data-gal=\"prettyPhoto[gallery-2]\" title=\"LUX_5141\"><img decoding=\"async\" src=\"https:\/\/www.triviho.com\/wp-content\/uploads\/2020\/08\/LUX_5141.jpg\" alt=\"\" \/><\/a><\/div><\/div><div class='gallery-item'><div class='gallery-icon'><a href=\"https:\/\/www.triviho.com\/wp-content\/uploads\/2020\/08\/LUX_5137.jpg\" data-gal=\"prettyPhoto[gallery-2]\" title=\"LUX_5137\"><img decoding=\"async\" src=\"https:\/\/www.triviho.com\/wp-content\/uploads\/2020\/08\/LUX_5137.jpg\" alt=\"\" \/><\/a><\/div><\/div><div class='gallery-item'><div class='gallery-icon'><a href=\"https:\/\/www.triviho.com\/wp-content\/uploads\/2020\/08\/LUX_5132.jpg\" data-gal=\"prettyPhoto[gallery-2]\" title=\"LUX_5132\"><img decoding=\"async\" src=\"https:\/\/www.triviho.com\/wp-content\/uploads\/2020\/08\/LUX_5132.jpg\" alt=\"\" \/><\/a><\/div><\/div><div class='gallery-item'><div class='gallery-icon'><a href=\"https:\/\/www.triviho.com\/wp-content\/uploads\/2020\/08\/LUX_5130.jpg\" data-gal=\"prettyPhoto[gallery-2]\" title=\"LUX_5130\"><img decoding=\"async\" src=\"https:\/\/www.triviho.com\/wp-content\/uploads\/2020\/08\/LUX_5130.jpg\" alt=\"\" \/><\/a><\/div><\/div><div class='gallery-item'><div class='gallery-icon'><a href=\"https:\/\/www.triviho.com\/wp-content\/uploads\/2020\/08\/LUX_5123.jpg\" data-gal=\"prettyPhoto[gallery-2]\" title=\"LUX_5123\"><img decoding=\"async\" src=\"https:\/\/www.triviho.com\/wp-content\/uploads\/2020\/08\/LUX_5123.jpg\" alt=\"\" \/><\/a><\/div><\/div><div class='gallery-item'><div class='gallery-icon'><a href=\"https:\/\/www.triviho.com\/wp-content\/uploads\/2020\/08\/LUX_5114.jpg\" data-gal=\"prettyPhoto[gallery-2]\" title=\"LUX_5114\"><img decoding=\"async\" src=\"https:\/\/www.triviho.com\/wp-content\/uploads\/2020\/08\/LUX_5114.jpg\" alt=\"\" \/><\/a><\/div><\/div><div class='gallery-item'><div class='gallery-icon'><a href=\"https:\/\/www.triviho.com\/wp-content\/uploads\/2020\/08\/LUX_5111.jpg\" data-gal=\"prettyPhoto[gallery-2]\" title=\"LUX_5111\"><img decoding=\"async\" src=\"https:\/\/www.triviho.com\/wp-content\/uploads\/2020\/08\/LUX_5111.jpg\" alt=\"\" \/><\/a><\/div><\/div><div class='gallery-item'><div class='gallery-icon'><a href=\"https:\/\/www.triviho.com\/wp-content\/uploads\/2020\/08\/LUX_5078.jpg\" data-gal=\"prettyPhoto[gallery-2]\" title=\"LUX_5078\"><img decoding=\"async\" src=\"https:\/\/www.triviho.com\/wp-content\/uploads\/2020\/08\/LUX_5078.jpg\" alt=\"\" \/><\/a><\/div><\/div><div class='gallery-item'><div class='gallery-icon'><a href=\"https:\/\/www.triviho.com\/wp-content\/uploads\/2020\/08\/LUX_5079.jpg\" data-gal=\"prettyPhoto[gallery-2]\" title=\"LUX_5079\"><img decoding=\"async\" src=\"https:\/\/www.triviho.com\/wp-content\/uploads\/2020\/08\/LUX_5079.jpg\" alt=\"\" \/><\/a><\/div><\/div><div class='gallery-item'><div class='gallery-icon'><a href=\"https:\/\/www.triviho.com\/wp-content\/uploads\/2020\/08\/LUX_5083.jpg\" data-gal=\"prettyPhoto[gallery-2]\" title=\"LUX_5083\"><img decoding=\"async\" src=\"https:\/\/www.triviho.com\/wp-content\/uploads\/2020\/08\/LUX_5083.jpg\" alt=\"\" \/><\/a><\/div><\/div><div class='gallery-item'><div class='gallery-icon'><a href=\"https:\/\/www.triviho.com\/wp-content\/uploads\/2020\/08\/LUX_5084.jpg\" data-gal=\"prettyPhoto[gallery-2]\" title=\"LUX_5084\"><img decoding=\"async\" src=\"https:\/\/www.triviho.com\/wp-content\/uploads\/2020\/08\/LUX_5084.jpg\" alt=\"\" \/><\/a><\/div><\/div>\n\t\t\t<br style='clear: both;' \/>\n\t\t<\/div>\n\n<p>[\/vc_column_text][vc_empty_space height=&#8221;15px&#8221;][\/vc_column][\/vc_row]<\/p>\n","protected":false},"excerpt":{"rendered":"<p>[vc_row parallax=&#8221;content-moving-fade&#8221;][vc_column][vc_column_text]Triviho Events \u00e8 un una nuova location dalle linee contemporanee, situata in uno dei contesti pi\u00f9 prestigiosi e storici della citt\u00e0 di Roma, in Via Barberini n.62. Di propriet\u00e0 dell\u2019Hotel Triviho, che si trova a pochi passi, \u00e8 uno spazio versatile ideale per realizzare vari tipi di eventi o attivit\u00e0. Lo spazio si sviluppa<\/p>\n<a href=\"https:\/\/www.triviho.com\/it\/triviho-events\/\" class=\"sohohotel-more-link\">Read More<i class=\"fa fa-angle-right\"><\/i><\/a>","protected":false},"author":2,"featured_media":2704,"parent":0,"menu_order":0,"comment_status":"closed","ping_status":"closed","template":"","meta":{"footnotes":""},"yoast_head":"<!-- This site is optimized with the Yoast SEO plugin v24.5 - https:\/\/yoast.com\/wordpress\/plugins\/seo\/ -->\n<title>Triviho Events - TriviHo - Design Hotel Rome<\/title>\n<meta name=\"description\" content=\"TriviHo Hotel a harmonious synthesis between design, contemporary architecture and precious antiques. All rooms and the living room reflect the Made in Italy style.\" \/>\n<meta name=\"robots\" content=\"index, follow, max-snippet:-1, max-image-preview:large, max-video-preview:-1\" \/>\n<link rel=\"canonical\" href=\"https:\/\/www.triviho.com\/it\/triviho-events\/\" \/>\n<meta property=\"og:locale\" content=\"it_IT\" \/>\n<meta property=\"og:type\" content=\"article\" \/>\n<meta property=\"og:title\" content=\"Triviho Events - TriviHo - Design Hotel Rome\" \/>\n<meta property=\"og:description\" content=\"TriviHo Hotel a harmonious synthesis between design, contemporary architecture and precious antiques. All rooms and the living room reflect the Made in Italy style.\" \/>\n<meta property=\"og:url\" content=\"https:\/\/www.triviho.com\/it\/triviho-events\/\" \/>\n<meta property=\"og:site_name\" content=\"TriviHo - Design Hotel Rome\" \/>\n<meta property=\"article:publisher\" content=\"https:\/\/www.facebook.com\/hoteltriviho\" \/>\n<meta property=\"article:modified_time\" content=\"2021-12-13T10:50:49+00:00\" \/>\n<meta property=\"og:image\" content=\"https:\/\/www.triviho.com\/wp-content\/uploads\/2020\/08\/TrivioHeader02222.jpg\" \/>\n\t<meta property=\"og:image:width\" content=\"1917\" \/>\n\t<meta property=\"og:image:height\" content=\"202\" \/>\n\t<meta property=\"og:image:type\" content=\"image\/jpeg\" \/>\n<meta name=\"twitter:card\" content=\"summary_large_image\" \/>\n<meta name=\"twitter:label1\" content=\"Tempo di lettura stimato\" \/>\n\t<meta name=\"twitter:data1\" content=\"2 minuti\" \/>\n<script type=\"application\/ld+json\" class=\"yoast-schema-graph\">{\"@context\":\"https:\/\/schema.org\",\"@graph\":[{\"@type\":\"WebPage\",\"@id\":\"https:\/\/www.triviho.com\/it\/triviho-events\/\",\"url\":\"https:\/\/www.triviho.com\/it\/triviho-events\/\",\"name\":\"Triviho Events - TriviHo - Design Hotel Rome\",\"isPartOf\":{\"@id\":\"https:\/\/www.triviho.com\/#website\"},\"primaryImageOfPage\":{\"@id\":\"https:\/\/www.triviho.com\/it\/triviho-events\/#primaryimage\"},\"image\":{\"@id\":\"https:\/\/www.triviho.com\/it\/triviho-events\/#primaryimage\"},\"thumbnailUrl\":\"https:\/\/www.triviho.com\/wp-content\/uploads\/2020\/08\/TrivioHeader02222.jpg\",\"datePublished\":\"2020-08-25T08:42:59+00:00\",\"dateModified\":\"2021-12-13T10:50:49+00:00\",\"description\":\"TriviHo Hotel a harmonious synthesis between design, contemporary architecture and precious antiques. All rooms and the living room reflect the Made in Italy style.\",\"breadcrumb\":{\"@id\":\"https:\/\/www.triviho.com\/it\/triviho-events\/#breadcrumb\"},\"inLanguage\":\"it-IT\",\"potentialAction\":[{\"@type\":\"ReadAction\",\"target\":[\"https:\/\/www.triviho.com\/it\/triviho-events\/\"]}]},{\"@type\":\"ImageObject\",\"inLanguage\":\"it-IT\",\"@id\":\"https:\/\/www.triviho.com\/it\/triviho-events\/#primaryimage\",\"url\":\"https:\/\/www.triviho.com\/wp-content\/uploads\/2020\/08\/TrivioHeader02222.jpg\",\"contentUrl\":\"https:\/\/www.triviho.com\/wp-content\/uploads\/2020\/08\/TrivioHeader02222.jpg\",\"width\":1917,\"height\":202},{\"@type\":\"BreadcrumbList\",\"@id\":\"https:\/\/www.triviho.com\/it\/triviho-events\/#breadcrumb\",\"itemListElement\":[{\"@type\":\"ListItem\",\"position\":1,\"name\":\"Home\",\"item\":\"https:\/\/www.triviho.com\/it\/\"},{\"@type\":\"ListItem\",\"position\":2,\"name\":\"Triviho Events\"}]},{\"@type\":\"WebSite\",\"@id\":\"https:\/\/www.triviho.com\/#website\",\"url\":\"https:\/\/www.triviho.com\/\",\"name\":\"TriviHo - Design Hotel Rome\",\"description\":\"Rooms &amp; Suites in a luxury hotel in Rome city center\",\"potentialAction\":[{\"@type\":\"SearchAction\",\"target\":{\"@type\":\"EntryPoint\",\"urlTemplate\":\"https:\/\/www.triviho.com\/?s={search_term_string}\"},\"query-input\":{\"@type\":\"PropertyValueSpecification\",\"valueRequired\":true,\"valueName\":\"search_term_string\"}}],\"inLanguage\":\"it-IT\"}]}<\/script>\n<!-- \/ Yoast SEO plugin. -->","yoast_head_json":{"title":"Triviho Events - TriviHo - Design Hotel Rome","description":"TriviHo Hotel a harmonious synthesis between design, contemporary architecture and precious antiques. All rooms and the living room reflect the Made in Italy style.","robots":{"index":"index","follow":"follow","max-snippet":"max-snippet:-1","max-image-preview":"max-image-preview:large","max-video-preview":"max-video-preview:-1"},"canonical":"https:\/\/www.triviho.com\/it\/triviho-events\/","og_locale":"it_IT","og_type":"article","og_title":"Triviho Events - TriviHo - Design Hotel Rome","og_description":"TriviHo Hotel a harmonious synthesis between design, contemporary architecture and precious antiques. All rooms and the living room reflect the Made in Italy style.","og_url":"https:\/\/www.triviho.com\/it\/triviho-events\/","og_site_name":"TriviHo - Design Hotel Rome","article_publisher":"https:\/\/www.facebook.com\/hoteltriviho","article_modified_time":"2021-12-13T10:50:49+00:00","og_image":[{"width":1917,"height":202,"url":"https:\/\/www.triviho.com\/wp-content\/uploads\/2020\/08\/TrivioHeader02222.jpg","type":"image\/jpeg"}],"twitter_card":"summary_large_image","twitter_misc":{"Tempo di lettura stimato":"2 minuti"},"schema":{"@context":"https:\/\/schema.org","@graph":[{"@type":"WebPage","@id":"https:\/\/www.triviho.com\/it\/triviho-events\/","url":"https:\/\/www.triviho.com\/it\/triviho-events\/","name":"Triviho Events - TriviHo - Design Hotel Rome","isPartOf":{"@id":"https:\/\/www.triviho.com\/#website"},"primaryImageOfPage":{"@id":"https:\/\/www.triviho.com\/it\/triviho-events\/#primaryimage"},"image":{"@id":"https:\/\/www.triviho.com\/it\/triviho-events\/#primaryimage"},"thumbnailUrl":"https:\/\/www.triviho.com\/wp-content\/uploads\/2020\/08\/TrivioHeader02222.jpg","datePublished":"2020-08-25T08:42:59+00:00","dateModified":"2021-12-13T10:50:49+00:00","description":"TriviHo Hotel a harmonious synthesis between design, contemporary architecture and precious antiques. All rooms and the living room reflect the Made in Italy style.","breadcrumb":{"@id":"https:\/\/www.triviho.com\/it\/triviho-events\/#breadcrumb"},"inLanguage":"it-IT","potentialAction":[{"@type":"ReadAction","target":["https:\/\/www.triviho.com\/it\/triviho-events\/"]}]},{"@type":"ImageObject","inLanguage":"it-IT","@id":"https:\/\/www.triviho.com\/it\/triviho-events\/#primaryimage","url":"https:\/\/www.triviho.com\/wp-content\/uploads\/2020\/08\/TrivioHeader02222.jpg","contentUrl":"https:\/\/www.triviho.com\/wp-content\/uploads\/2020\/08\/TrivioHeader02222.jpg","width":1917,"height":202},{"@type":"BreadcrumbList","@id":"https:\/\/www.triviho.com\/it\/triviho-events\/#breadcrumb","itemListElement":[{"@type":"ListItem","position":1,"name":"Home","item":"https:\/\/www.triviho.com\/it\/"},{"@type":"ListItem","position":2,"name":"Triviho Events"}]},{"@type":"WebSite","@id":"https:\/\/www.triviho.com\/#website","url":"https:\/\/www.triviho.com\/","name":"TriviHo - Design Hotel Rome","description":"Rooms &amp; Suites in a luxury hotel in Rome city center","potentialAction":[{"@type":"SearchAction","target":{"@type":"EntryPoint","urlTemplate":"https:\/\/www.triviho.com\/?s={search_term_string}"},"query-input":{"@type":"PropertyValueSpecification","valueRequired":true,"valueName":"search_term_string"}}],"inLanguage":"it-IT"}]}},"_links":{"self":[{"href":"https:\/\/www.triviho.com\/it\/wp-json\/wp\/v2\/pages\/2465"}],"collection":[{"href":"https:\/\/www.triviho.com\/it\/wp-json\/wp\/v2\/pages"}],"about":[{"href":"https:\/\/www.triviho.com\/it\/wp-json\/wp\/v2\/types\/page"}],"author":[{"embeddable":true,"href":"https:\/\/www.triviho.com\/it\/wp-json\/wp\/v2\/users\/2"}],"replies":[{"embeddable":true,"href":"https:\/\/www.triviho.com\/it\/wp-json\/wp\/v2\/comments?post=2465"}],"version-history":[{"count":21,"href":"https:\/\/www.triviho.com\/it\/wp-json\/wp\/v2\/pages\/2465\/revisions"}],"predecessor-version":[{"id":2901,"href":"https:\/\/www.triviho.com\/it\/wp-json\/wp\/v2\/pages\/2465\/revisions\/2901"}],"wp:featuredmedia":[{"embeddable":true,"href":"https:\/\/www.triviho.com\/it\/wp-json\/wp\/v2\/media\/2704"}],"wp:attachment":[{"href":"https:\/\/www.triviho.com\/it\/wp-json\/wp\/v2\/media?parent=2465"}],"curies":[{"name":"wp","href":"https:\/\/api.w.org\/{rel}","templated":true}]}}